{"id":3686,"date":"2022-04-21T08:18:37","date_gmt":"2022-04-21T15:18:37","guid":{"rendered":"https:\/\/tristardesign.com\/?post_type=product&#038;p=3686"},"modified":"2026-04-22T10:21:53","modified_gmt":"2026-04-22T17:21:53","slug":"access-stair","status":"publish","type":"product","link":"https:\/\/tristardesign.com\/es\/producto\/access-stair\/","title":{"rendered":"Escaleras de acceso"},"content":{"rendered":"<a href=\"https:\/\/tristardesign.com\/wp-content\/uploads\/Access-Stair-GA.pdf\" class=\"pdfemb-viewer\" style=\"\" data-width=\"max\" data-height=\"max\" data-toolbar=\"bottom\" data-toolbar-fixed=\"off\">Access Stair GA<\/a>","protected":false},"excerpt":{"rendered":"<p>Las escaleras de acceso son desmontables, est\u00e1n construidas seg\u00fan las normas de seguridad y proporcionan un acceso seguro a las trituradoras, las tolvas de descarga u otras \u00e1reas de acceso frecuente.<\/p>\n<p>All access stairs are designed with your specific equipment and site requirements. With many customizable configurations and mounting brackets you can have a safe and effective solution.<\/p>\n<p>&nbsp;<\/p>","protected":false},"featured_media":3870,"template":"","meta":[],"product_brand":[],"product_cat":[470,462,267],"product_tag":[],"class_list":{"0":"post-3686","1":"product","2":"type-product","3":"status-publish","4":"has-post-thumbnail","6":"product_cat-crusher-access-platforms","7":"product_cat-crusher","8":"product_cat-all-products","10":"first","11":"instock","12":"sold-individually","13":"shipping-taxable","14":"purchasable","15":"product-type-simple"},"_links":{"self":[{"href":"https:\/\/tristardesign.com\/es\/wp-json\/wp\/v2\/product\/3686","targetHints":{"allow":["GET"]}}],"collection":[{"href":"https:\/\/tristardesign.com\/es\/wp-json\/wp\/v2\/product"}],"about":[{"href":"https:\/\/tristardesign.com\/es\/wp-json\/wp\/v2\/types\/product"}],"wp:featuredmedia":[{"embeddable":true,"href":"https:\/\/tristardesign.com\/es\/wp-json\/wp\/v2\/media\/3870"}],"wp:attachment":[{"href":"https:\/\/tristardesign.com\/es\/wp-json\/wp\/v2\/media?parent=3686"}],"wp:term":[{"taxonomy":"product_brand","embeddable":true,"href":"https:\/\/tristardesign.com\/es\/wp-json\/wp\/v2\/product_brand?post=3686"},{"taxonomy":"product_cat","embeddable":true,"href":"https:\/\/tristardesign.com\/es\/wp-json\/wp\/v2\/product_cat?post=3686"},{"taxonomy":"product_tag","embeddable":true,"href":"https:\/\/tristardesign.com\/es\/wp-json\/wp\/v2\/product_tag?post=3686"}],"curies":[{"name":"wp","href":"https:\/\/api.w.org\/{rel}","templated":true}]}}