{"id":3476,"date":"2022-04-20T10:53:57","date_gmt":"2022-04-20T17:53:57","guid":{"rendered":"https:\/\/tristardesign.com\/?post_type=product&#038;p=3476"},"modified":"2023-04-26T16:18:26","modified_gmt":"2023-04-26T23:18:26","slug":"belt-let-off-stand","status":"publish","type":"product","link":"https:\/\/tristardesign.com\/es\/producto\/belt-let-off-stand\/","title":{"rendered":"Soporte para correa"},"content":{"rendered":"<p>Haga que el proceso de instalaci\u00f3n de su correa sea f\u00e1cil y eficiente. Nuestros soportes de liberaci\u00f3n pueden dise\u00f1arse para adaptarse a correas de m\u00faltiples tama\u00f1os.<\/p>","protected":false},"excerpt":{"rendered":"<p>Haga que el proceso de instalaci\u00f3n de su correa sea f\u00e1cil y eficiente. Nuestros soportes de liberaci\u00f3n pueden dise\u00f1arse para adaptarse a correas de m\u00faltiples tama\u00f1os.<\/p>","protected":false},"featured_media":3850,"template":"","meta":[],"product_brand":[],"product_cat":[472,267],"product_tag":[],"class_list":{"0":"post-3476","1":"product","2":"type-product","3":"status-publish","4":"has-post-thumbnail","6":"product_cat-conveyor-belt-maintenance","7":"product_cat-all-products","8":"pa_product-category-conveyor-belt-maintenance","10":"first","11":"instock","12":"sold-individually","13":"shipping-taxable","14":"purchasable","15":"product-type-simple"},"_links":{"self":[{"href":"https:\/\/tristardesign.com\/es\/wp-json\/wp\/v2\/product\/3476","targetHints":{"allow":["GET"]}}],"collection":[{"href":"https:\/\/tristardesign.com\/es\/wp-json\/wp\/v2\/product"}],"about":[{"href":"https:\/\/tristardesign.com\/es\/wp-json\/wp\/v2\/types\/product"}],"wp:featuredmedia":[{"embeddable":true,"href":"https:\/\/tristardesign.com\/es\/wp-json\/wp\/v2\/media\/3850"}],"wp:attachment":[{"href":"https:\/\/tristardesign.com\/es\/wp-json\/wp\/v2\/media?parent=3476"}],"wp:term":[{"taxonomy":"product_brand","embeddable":true,"href":"https:\/\/tristardesign.com\/es\/wp-json\/wp\/v2\/product_brand?post=3476"},{"taxonomy":"product_cat","embeddable":true,"href":"https:\/\/tristardesign.com\/es\/wp-json\/wp\/v2\/product_cat?post=3476"},{"taxonomy":"product_tag","embeddable":true,"href":"https:\/\/tristardesign.com\/es\/wp-json\/wp\/v2\/product_tag?post=3476"}],"curies":[{"name":"wp","href":"https:\/\/api.w.org\/{rel}","templated":true}]}}