{"id":3469,"date":"2022-04-20T10:53:55","date_gmt":"2022-04-20T17:53:55","guid":{"rendered":"https:\/\/tristardesign.com\/?post_type=product&#038;p=3469"},"modified":"2023-05-01T10:32:27","modified_gmt":"2023-05-01T17:32:27","slug":"belt-clamp-permanent","status":"publish","type":"product","link":"https:\/\/tristardesign.com\/es\/producto\/belt-clamp-permanent\/","title":{"rendered":"Abrazadera de correa permanente"},"content":{"rendered":"<p>Sujete las correas de forma segura para evitar que se enrollen durante el mantenimiento. Este producto en concreto est\u00e1 dise\u00f1ado para una instalaci\u00f3n permanente.<\/p>","protected":false},"excerpt":{"rendered":"<p>Sujete las correas de forma segura para evitar que se enrollen durante el mantenimiento. Este producto en concreto est\u00e1 dise\u00f1ado para una instalaci\u00f3n permanente.<\/p>","protected":false},"featured_media":3871,"template":"","meta":[],"product_brand":[],"product_cat":[472,267],"product_tag":[],"class_list":{"0":"post-3469","1":"product","2":"type-product","3":"status-publish","4":"has-post-thumbnail","6":"product_cat-conveyor-belt-maintenance","7":"product_cat-all-products","8":"pa_product-category-conveyor-belt-maintenance","10":"first","11":"instock","12":"sold-individually","13":"shipping-taxable","14":"purchasable","15":"product-type-simple"},"_links":{"self":[{"href":"https:\/\/tristardesign.com\/es\/wp-json\/wp\/v2\/product\/3469","targetHints":{"allow":["GET"]}}],"collection":[{"href":"https:\/\/tristardesign.com\/es\/wp-json\/wp\/v2\/product"}],"about":[{"href":"https:\/\/tristardesign.com\/es\/wp-json\/wp\/v2\/types\/product"}],"wp:featuredmedia":[{"embeddable":true,"href":"https:\/\/tristardesign.com\/es\/wp-json\/wp\/v2\/media\/3871"}],"wp:attachment":[{"href":"https:\/\/tristardesign.com\/es\/wp-json\/wp\/v2\/media?parent=3469"}],"wp:term":[{"taxonomy":"product_brand","embeddable":true,"href":"https:\/\/tristardesign.com\/es\/wp-json\/wp\/v2\/product_brand?post=3469"},{"taxonomy":"product_cat","embeddable":true,"href":"https:\/\/tristardesign.com\/es\/wp-json\/wp\/v2\/product_cat?post=3469"},{"taxonomy":"product_tag","embeddable":true,"href":"https:\/\/tristardesign.com\/es\/wp-json\/wp\/v2\/product_tag?post=3469"}],"curies":[{"name":"wp","href":"https:\/\/api.w.org\/{rel}","templated":true}]}}