{"id":1955,"date":"2020-02-27T16:49:09","date_gmt":"2020-02-27T16:49:09","guid":{"rendered":"https:\/\/tristardesign.com\/?post_type=product&#038;p=1955"},"modified":"2026-04-22T16:04:37","modified_gmt":"2026-04-22T23:04:37","slug":"ez-spider-nut","status":"publish","type":"product","link":"https:\/\/tristardesign.com\/es\/producto\/ez-spider-nut\/","title":{"rendered":"Tuerca EZ Spider"},"content":{"rendered":"<p>The Tri Star EZ Spider Nut utilizes our proven torque bolt technology to provide consistent and precise holding force with minimal effort. First, the EZ Spider Nuts are threaded in place but not tightened. Then each the push rods are tightened with and impact wrench and torqued to the correct specification. The thrust ring evenly distributes force of each push rod and securely holds the spider in place for a tighter hold than the OEM style spider nuts. The optional split nut style allows for easier assembly, virtually eliminating the need to thread the nuts in place.<\/p>","protected":false},"excerpt":{"rendered":"<p>La tuerca Tri Star EZ Spider simplifica la instalaci\u00f3n y extracci\u00f3n de la ara\u00f1a de la trituradora.<\/p>\n<p>Mucho m\u00e1s f\u00e1cil de usar que las tuercas hidr\u00e1ulicas tipo ara\u00f1a y m\u00e1s seguro que golpear la tuerca con un martillo para apretarla.<\/p>\n<p>Split style spider nuts virtually eliminate the need to cut the spider nuts with a torch.<\/p>","protected":false},"featured_media":4688,"template":"","meta":[],"product_brand":[],"product_cat":[462,473,267],"product_tag":[],"class_list":{"0":"post-1955","1":"product","2":"type-product","3":"status-publish","4":"has-post-thumbnail","6":"product_cat-crusher","7":"product_cat-crusher-spider-lifters","8":"product_cat-all-products","9":"pa_product-category-crusher-maintenance","10":"pa_product-category-upgraded-crusher-head-nuts","12":"first","13":"instock","14":"sold-individually","15":"shipping-taxable","16":"purchasable","17":"product-type-simple"},"_links":{"self":[{"href":"https:\/\/tristardesign.com\/es\/wp-json\/wp\/v2\/product\/1955","targetHints":{"allow":["GET"]}}],"collection":[{"href":"https:\/\/tristardesign.com\/es\/wp-json\/wp\/v2\/product"}],"about":[{"href":"https:\/\/tristardesign.com\/es\/wp-json\/wp\/v2\/types\/product"}],"wp:featuredmedia":[{"embeddable":true,"href":"https:\/\/tristardesign.com\/es\/wp-json\/wp\/v2\/media\/4688"}],"wp:attachment":[{"href":"https:\/\/tristardesign.com\/es\/wp-json\/wp\/v2\/media?parent=1955"}],"wp:term":[{"taxonomy":"product_brand","embeddable":true,"href":"https:\/\/tristardesign.com\/es\/wp-json\/wp\/v2\/product_brand?post=1955"},{"taxonomy":"product_cat","embeddable":true,"href":"https:\/\/tristardesign.com\/es\/wp-json\/wp\/v2\/product_cat?post=1955"},{"taxonomy":"product_tag","embeddable":true,"href":"https:\/\/tristardesign.com\/es\/wp-json\/wp\/v2\/product_tag?post=1955"}],"curies":[{"name":"wp","href":"https:\/\/api.w.org\/{rel}","templated":true}]}}