{"id":143,"date":"2016-07-15T08:32:51","date_gmt":"2016-07-15T08:32:51","guid":{"rendered":"http:\/\/sw-themes.com\/porto_dummy\/?page_id=143"},"modified":"2025-09-18T10:32:48","modified_gmt":"2025-09-18T17:32:48","slug":"home","status":"publish","type":"page","link":"https:\/\/tristardesign.com\/es\/","title":{"rendered":"Inicio"},"content":{"rendered":"<div class=\"wpb-content-wrapper\"><div class=\"vc_row wpb_row top-row section-custom-construction section section-tertiary mt-0 mb-0 section-no-borders porto-inner-container wpb_custom_034b39d9bc6c6b310d69e39f0ccf274f\"><div class=\"porto-wrap-container container\"><div class=\"row\"><div class=\"vc_column_container col-md-12\"><div class=\"wpb_wrapper vc_column-inner\"><div class=\"vc_row wpb_row vc_inner row\"><div class=\"vc_column_container col-md-3\" data-appear-animation=\"fadeInUp\"><div class=\"wpb_wrapper vc_column-inner\"><a aria-label=\"Dise\u00f1os personalizados\" class=\"porto-sicon-box-link\" href=\"https:\/\/tristardesign.com\/es\/custom-designs\/\" title='Dise\u00f1os personalizados'><div class=\"porto-sicon-box  wpb_custom_6bd3ea43243bb56571d580d187f8d1d7 style_1 top-icon\"><div class=\"porto-sicon-top\"><div class=\"porto-just-icon-wrapper porto-icon none\" style=\"font-size:50px;\"><i class=\"fas fa-cogs\"><\/i><\/div><\/div><div class=\"porto-sicon-header\"><h3 class=\"porto-sicon-title\" style=\"font-size:20px;\">Dise\u00f1os personalizados<\/h3><p>\u00a1Especialmente para tu sitio web!<\/p><\/div> <!-- header --><div class=\"porto-sicon-description\" style=\"\">Podemos ayudarle a encontrar soluciones personalizadas para sus problemas espec\u00edficos. Las herramientas adecuadas para cada trabajo.<\/div> <!-- description --><\/div><!-- porto-sicon-box --><\/a><\/div><\/div><div class=\"vc_column_container col-md-3\" data-appear-animation=\"fadeInUp\" data-appear-animation-delay=\"300\"><div class=\"wpb_wrapper vc_column-inner\"><a aria-label=\"Fabricaci\u00f3n\" class=\"porto-sicon-box-link\" href=\"https:\/\/tristardesign.com\/es\/manufacturing\/\" title='Fabricaci\u00f3n'><div class=\"porto-sicon-box  wpb_custom_6bd3ea43243bb56571d580d187f8d1d7 style_1 top-icon\"><div class=\"porto-sicon-top\"><div class=\"porto-just-icon-wrapper porto-icon none\" style=\"font-size:50px;\"><i class=\"fas fa-industry\"><\/i><\/div><\/div><div class=\"porto-sicon-header\"><h3 class=\"porto-sicon-title\" style=\"font-size:20px;\">Fabricaci\u00f3n<\/h3><p>\u00a1Manos a la obra!<\/p><\/div> <!-- header --><div class=\"porto-sicon-description\" style=\"\">Nuestros fabricantes y maquinistas se asegurar\u00e1n de que sus proyectos se construyan y entreguen a tiempo y dentro del presupuesto.<\/div> <!-- description --><\/div><!-- porto-sicon-box --><\/a><\/div><\/div><div class=\"vc_column_container col-md-3\" data-appear-animation=\"fadeInUp\" data-appear-animation-delay=\"300\"><div class=\"wpb_wrapper vc_column-inner\"><a aria-label=\"Servicios de ingenier\u00eda\" class=\"porto-sicon-box-link\" href=\"https:\/\/tristardesign.com\/es\/engineering-services\/\" title='Servicios de ingenier\u00eda'><div class=\"porto-sicon-box  wpb_custom_6bd3ea43243bb56571d580d187f8d1d7 style_1 top-icon\"><div class=\"porto-sicon-top\"><div class=\"porto-just-icon-wrapper porto-icon none\" style=\"font-size:50px;\"><i class=\"fas fa-drafting-compass\"><\/i><\/div><\/div><div class=\"porto-sicon-header\"><h3 class=\"porto-sicon-title\" style=\"font-size:20px;\">Servicios de ingenier\u00eda<\/h3><p>\u00a1Tu propio ingeniero interno!<\/p><\/div> <!-- header --><div class=\"porto-sicon-description\" style=\"\">\u00a1Podemos ofrecer un servicio completo de asistencia t\u00e9cnica, tanto con un ingeniero in situ como con un proveedor de servicios externo!<\/div> <!-- description --><\/div><!-- porto-sicon-box --><\/a><\/div><\/div><div class=\"vc_column_container col-md-3\" data-appear-animation=\"fadeInUp\" data-appear-animation-delay=\"300\"><div class=\"wpb_wrapper vc_column-inner\"><a aria-label=\"Nuestros productos\" class=\"porto-sicon-box-link\" href=\"https:\/\/tristardesign.com\/es\/products\/\" title='Productos'><div class=\"porto-sicon-box  wpb_custom_6bd3ea43243bb56571d580d187f8d1d7 style_1 top-icon\"><div class=\"porto-sicon-top\"><div class=\"porto-just-icon-wrapper porto-icon none\" style=\"font-size:50px;\"><i class=\"fas fa-tools\"><\/i><\/div><\/div><div class=\"porto-sicon-header\"><h3 class=\"porto-sicon-title\" style=\"font-size:20px;\">Nuestros productos<\/h3><p>\u00a1Tenemos lo que necesitas!<\/p><\/div> <!-- header --><div class=\"porto-sicon-description\" style=\"\">Con un enfoque en la seguridad, la durabilidad y la facilidad de uso, nuestros productos personalizados est\u00e1n dise\u00f1ados pensando en usted.<\/div> <!-- description --><\/div><!-- porto-sicon-box --><\/a><\/div><\/div><\/div><div class=\"vc_row wpb_row vc_inner row\"><div class=\"vc_column_container col-md-6\"><div class=\"wpb_wrapper vc_column-inner\"><h2  class=\"vc_custom_heading vc_do_custom_heading m-t-md m-b-none wpb_custom_aa365bd5046e8294520b4e73732b9d15 align-left\" >M\u00e1s seguro, m\u00e1s r\u00e1pido, m\u00e1s inteligente<\/h2>\r\n\t<div class=\"wpb_text_column wpb_content_element lead m-b-xl wpb_custom_7c91d232724f73626cc933bd95b25ff0\" >\r\n\t\t<div class=\"wpb_wrapper\">\r\n\t\t\t<p>Dise\u00f1o, fabricaci\u00f3n e ingenier\u00eda de una amplia gama de herramientas especializadas y soluciones personalizadas. <strong>desde 1991<\/strong>.<\/p>\n<p>Ayud\u00e1ndote a resolver tus problemas m\u00e1s interesantes.<\/p>\n\r\n\t\t<\/div>\r\n\t<\/div>\r\n<\/div><\/div><div class=\"vc_column_container col-md-6\"><div class=\"wpb_wrapper vc_column-inner\">\n\t<div class=\"wpb_raw_code wpb_raw_html wpb_content_element\" >\n\t\t<div class=\"wpb_wrapper\">\n\t\t\t<figure class=\"wp-block-embed wp-block-embed-youtube is-type-video is-provider-youtube epyt-figure\"><div class=\"wp-block-embed__wrapper\"><iframe loading=\"lazy\"  id=\"_ytid_99938\"  width=\"480\" height=\"270\"  data-origwidth=\"480\" data-origheight=\"270\" src=\"https:\/\/www.youtube.com\/embed\/mlznWdexW78?enablejsapi=1&autoplay=0&cc_load_policy=0&cc_lang_pref=&iv_load_policy=3&loop=0&rel=0&fs=1&playsinline=0&autohide=2&theme=dark&color=red&controls=1&disablekb=0&\" class=\"__youtube_prefs__  no-lazyload\" title=\"Reproductor de YouTube\"  allow=\"fullscreen; accelerometer; autoplay; clipboard-write; encrypted-media; gyroscope; picture-in-picture; web-share\" referrerpolicy=\"strict-origin-when-cross-origin\" allowfullscreen data-no-lazy=\"1\" data-skipgform_ajax_framebjll=\"\"><\/iframe><\/div><\/figure>\n\t\t<\/div>\n\t<\/div>\n<\/div><\/div><\/div><\/div><\/div><\/div><\/div><\/div><div data-vc-parallax=\"1\" data-vc-parallax-image=\"https:\/\/tristardesign.com\/wp-content\/uploads\/2020\/01\/contact-bg-dark.jpg\" class=\"vc_row wpb_row top-row section section-parallax mt-0 mb-0 section-no-borders vc_row-has-fill vc_row-o-equal-height vc_row-flex vc_general vc_parallax vc_parallax-content-moving porto-inner-container wpb_custom_034b39d9bc6c6b310d69e39f0ccf274f\"><div class=\"porto-wrap-container container\"><div class=\"row align-items-center\"><div class=\"vc_column_container col-md-6 text-center\"><div class=\"wpb_wrapper vc_column-inner\"><div class=\"porto-u-heading  wpb_custom_95aa9a11c17ad45cfabaf210d84ee7cc porto-u-ad87e2eaf3f9c495180fe0156ddf3eb0\"><div class=\"porto-u-main-heading\"><h2   style=\"color:#ffffff;\">\u00bfLe interesan nuestros productos?<\/h2><\/div><div class=\"porto-u-sub-heading\" style=\"color: #ffffff;font-size:18px;\">P\u00f3ngase en contacto con nosotros para hablar sobre las necesidades de su empresa.<\/div><style>.porto-u-ad87e2eaf3f9c495180fe0156ddf3eb0.porto-u-heading{text-align:left}<\/style><\/div><div class=\"vc_empty_space\"   style=\"height: 10px\"><span class=\"vc_empty_space_inner\"><\/span><\/div><a aria-label=\"(480) 345-1699\" class=\"porto-sicon-box-link\" href=\"tel:14803451699\"><div class=\"porto-sicon-box  wpb_custom_74c312c6382c672d88415152636ca045 style_1 default-icon\"><div class=\"porto-sicon-default\"><div class=\"porto-just-icon-wrapper porto-icon none\" style=\"color:#ffffff;font-size:32px;\"><i class=\"fas fa-phone\"><\/i><\/div><\/div><div class=\"porto-sicon-header\"><h3 class=\"porto-sicon-title\" style=\"color:#ffffff;\">(480) 345-1699<\/h3><\/div> <!-- header --><\/div><!-- porto-sicon-box --><\/a><div class=\"vc_empty_space\"   style=\"height: 5px\"><span class=\"vc_empty_space_inner\"><\/span><\/div><a aria-label=\"1363 S Vineyard, Mesa, AZ 85210\" class=\"porto-sicon-box-link\" href=\"https:\/\/www.google.com\/maps\/place\/4833+E+Southern+Ave,+Mesa,+AZ+85206\/\" target='_blank'><div class=\"porto-sicon-box  wpb_custom_74c312c6382c672d88415152636ca045 style_1 default-icon\"><div class=\"porto-sicon-default\"><div class=\"porto-just-icon-wrapper porto-icon none\" style=\"color:#ffffff;font-size:32px;\"><i class=\"fas fa-map-marker-alt\"><\/i><\/div><\/div><div class=\"porto-sicon-header\"><h3 class=\"porto-sicon-title\" style=\"color:#ffffff;\">1363 S Vineyard, Mesa, AZ 85210<\/h3><\/div> <!-- header --><\/div><!-- porto-sicon-box --><\/a><\/div><\/div><div class=\"vc_column_container col-md-6\"><div class=\"wpb_wrapper vc_column-inner\">\n\t<div class=\"wpb_raw_code wpb_raw_html wpb_content_element\" >\n\t\t<div class=\"wpb_wrapper\">\n\t\t\t<script src=\"https:\/\/www.cognitoforms.com\/f\/seamless.js\" data-key=\"umZVD0YrhEOU5EXuhk88lA\" data-form=\"2\"><\/script>\n\t\t<\/div>\n\t<\/div>\n<\/div><\/div><\/div><\/div><\/div>\n<\/div>","protected":false},"excerpt":{"rendered":"Custom DesignsSpecifically for your site! We can help you find custom solutions to your unique problems. The right tooling for the job. ManufacturingLets get it made! Our fabricators and machinists will ensure your projects are built and delivered on time and within budget. Engineering ServicesYour own in-house engineer! We can provide full service engineering support, [...]","protected":false},"author":10,"featured_media":0,"parent":0,"menu_order":0,"comment_status":"closed","ping_status":"closed","template":"","meta":{"footnotes":""},"class_list":["post-143","page","type-page","status-publish","hentry"],"_links":{"self":[{"href":"https:\/\/tristardesign.com\/es\/wp-json\/wp\/v2\/pages\/143","targetHints":{"allow":["GET"]}}],"collection":[{"href":"https:\/\/tristardesign.com\/es\/wp-json\/wp\/v2\/pages"}],"about":[{"href":"https:\/\/tristardesign.com\/es\/wp-json\/wp\/v2\/types\/page"}],"author":[{"embeddable":true,"href":"https:\/\/tristardesign.com\/es\/wp-json\/wp\/v2\/users\/10"}],"replies":[{"embeddable":true,"href":"https:\/\/tristardesign.com\/es\/wp-json\/wp\/v2\/comments?post=143"}],"version-history":[{"count":58,"href":"https:\/\/tristardesign.com\/es\/wp-json\/wp\/v2\/pages\/143\/revisions"}],"predecessor-version":[{"id":3360,"href":"https:\/\/tristardesign.com\/es\/wp-json\/wp\/v2\/pages\/143\/revisions\/3360"}],"wp:attachment":[{"href":"https:\/\/tristardesign.com\/es\/wp-json\/wp\/v2\/media?parent=143"}],"curies":[{"name":"wp","href":"https:\/\/api.w.org\/{rel}","templated":true}]}}